{"id":224,"date":"2012-02-23T10:44:13","date_gmt":"2012-02-23T10:44:13","guid":{"rendered":"http:\/\/tributetoprince.com\/?page_id=224"},"modified":"2023-10-10T13:24:54","modified_gmt":"2023-10-10T13:24:54","slug":"dates-2","status":"publish","type":"page","link":"https:\/\/www.tributetoprince.com\/?page_id=224","title":{"rendered":"EVENEMENTIEL"},"content":{"rendered":"\t\t<div data-elementor-type=\"wp-page\" data-elementor-id=\"224\" class=\"elementor elementor-224\">\n\t\t\t\t\t\t\t<div class=\"elementor-element elementor-element-6c688f41 e-flex e-con-boxed e-con e-parent\" data-id=\"6c688f41\" data-element_type=\"container\" data-settings=\"{&quot;content_width&quot;:&quot;boxed&quot;}\" data-core-v316-plus=\"true\">\n\t\t\t\t\t<div class=\"e-con-inner\">\n\t\t\t\t<div class=\"elementor-element elementor-element-6e231ae8 elementor-widget elementor-widget-text-editor\" data-id=\"6e231ae8\" data-element_type=\"widget\" data-widget_type=\"text-editor.default\">\n\t\t\t\t<div class=\"elementor-widget-container\">\n\t\t\t<style>\/*! elementor - v3.16.0 - 09-10-2023 *\/\n.elementor-widget-text-editor.elementor-drop-cap-view-stacked .elementor-drop-cap{background-color:#69727d;color:#fff}.elementor-widget-text-editor.elementor-drop-cap-view-framed .elementor-drop-cap{color:#69727d;border:3px solid;background-color:transparent}.elementor-widget-text-editor:not(.elementor-drop-cap-view-default) .elementor-drop-cap{margin-top:8px}.elementor-widget-text-editor:not(.elementor-drop-cap-view-default) .elementor-drop-cap-letter{width:1em;height:1em}.elementor-widget-text-editor .elementor-drop-cap{float:left;text-align:center;line-height:1;font-size:50px}.elementor-widget-text-editor .elementor-drop-cap-letter{display:inline-block}<\/style>\t\t\t\t<p><span style=\"color: #6602f2;\">Vous avez le choix entre\u00a0<strong>deux<\/strong>\u00a0principales\u00a0<strong>options<\/strong>\u00a0pour vos soir\u00e9es \u00e9v\u00e9nementielles :<\/span><\/p><p><span style=\"color: #6602f2;\"><strong>A\/\u00a0<\/strong>Le spectacle uniquement ou,<\/span><\/p><p><span style=\"color: #6602f2;\"><strong>B\/\u00a0<\/strong>La soir\u00e9e \u00ab\u00a0cl\u00e9 en main\u00a0\u00bb comprenant : le spectacle + un DJ qui animera votre soir\u00e9e sur le th\u00e8me que vous souhaitez.<\/span><\/p><p><span style=\"color: #6602f2;\">___________________________________________________________________________________<\/span><\/p><p><span style=\"color: #6602f2;\"><strong>Propositions de formations du spectacle\u00a0 *\u00a0:\u00a0<\/strong><\/span><\/p><p><span style=\"color: #000000;\"><span style=\"color: #ff6600;\"><strong>1 :<\/strong><\/span><strong><span style=\"color: #ff6600;\">\u00a0THE REVOLUTION\u00a0!<\/span> \u00a0\u00a0<\/strong><span style=\"color: #6602f2;\"><em>un show digne de VEGAS !<\/em><\/span><\/span><\/p><ul><li><span style=\"color: #6602f2;\">Miko (chant\/guitare)<\/span><\/li><li><span style=\"color: #6602f2;\">Pi-Elle \u00a0(chant)<\/span><\/li><li><span style=\"color: #6602f2;\">un clavi\u00e9riste<\/span><\/li><li><span style=\"color: #6602f2;\">un bassiste<\/span><\/li><li><span style=\"color: #6602f2;\">un 2\u00b0 guitariste<\/span><\/li><li><span style=\"color: #6602f2;\">un batteur<\/span><\/li><\/ul><p><span style=\"color: #000000;\"><span style=\"color: #6602f2;\">(Si votre espace et votre budget le permettent, nous vous proposons la<\/span><\/span>\u00a0<span style=\"color: #ff6600;\"><strong>formule PLUS<\/strong><\/span>\u00a0<span style=\"color: #6602f2;\">avec un 2\u00b0 clavi\u00e9riste, une section cuivre et 2 danseuses).<\/span><\/p><div>\u00a0<\/div><div><span style=\"color: #ff6600;\"><strong>2 :\u00a0SHOW TIME TRIO\u00a0<\/strong><\/span><em>\u00a0 <span style=\"color: #6602f2;\">\u00a0Concert live !\u00a0<\/span><\/em><span style=\"color: #6602f2;\"><em>(rythmique sur s\u00e9quences)<\/em><\/span><\/div><div><ul><li><span style=\"color: #6602f2;\">Miko (chant\/guitare)<\/span><\/li><li><span style=\"color: #6602f2;\">Pi-Elle (chant)<\/span><\/li><li><span style=\"color: #6602f2;\">un clavi\u00e9riste<\/span><\/li><\/ul><div>\u00a0<\/div><\/div><div><span style=\"color: #ff6600;\"><strong>3 :\u00a0PURPLE DUO<\/strong><\/span><em><span style=\"color: #ff6600;\">\u00a0<\/span>\u00a0<span style=\"color: #6602f2;\">Concert live ! et toujours aussi sc\u00e9nique ! (avec instrumentaux)<\/span><\/em><\/div><div><ul><li><span style=\"color: #6602f2;\">Miko (chant\/guitare)<\/span><\/li><li><span style=\"color: #6602f2;\">Pi-Elle (chant)<\/span><\/li><\/ul><\/div><div>\u00a0<\/div><div><span style=\"color: #6602f2;\"><strong>FRANCE &#8211; BELGIQUE &#8211; SUISSE &#8211; ANGLETERRE &#8211; ALLEMAGNE \u00a0 ect.<\/strong>..<\/span><\/div><div><span style=\"color: #6602f2;\"><strong>\u00a0<\/strong><\/span><\/div><p><em><strong><span style=\"color: #5d20de;\">* Deal in english ? please send a mail to :<\/span> <span style=\"color: #ff6600;\"><strong><a href=\"french.tribute.prince@hotmail.com\"><span style=\"color: #ff6600;\">french.tribute.prince@hotmail.com<\/span><\/a><\/strong><\/span><\/strong><\/em><\/p><div><em><strong><strong>\u00a0<\/strong><\/strong><\/em><\/div>\t\t\t\t\t\t<\/div>\n\t\t\t\t<\/div>\n\t\t\t\t\t<\/div>\n\t\t\t\t<\/div>\n\t\t\t\t\t\t\t<\/div>\n\t\t","protected":false},"excerpt":{"rendered":"<p>Vous avez le choix entre\u00a0deux\u00a0principales\u00a0options\u00a0pour vos soir\u00e9es \u00e9v\u00e9nementielles : A\/\u00a0Le spectacle uniquement ou, B\/\u00a0La soir\u00e9e \u00ab\u00a0cl\u00e9 en main\u00a0\u00bb comprenant : le spectacle + un DJ&#8230;<\/p>\n","protected":false},"author":1,"featured_media":487,"parent":0,"menu_order":0,"comment_status":"closed","ping_status":"closed","template":"","meta":{"footnotes":""},"_links":{"self":[{"href":"https:\/\/www.tributetoprince.com\/index.php?rest_route=\/wp\/v2\/pages\/224"}],"collection":[{"href":"https:\/\/www.tributetoprince.com\/index.php?rest_route=\/wp\/v2\/pages"}],"about":[{"href":"https:\/\/www.tributetoprince.com\/index.php?rest_route=\/wp\/v2\/types\/page"}],"author":[{"embeddable":true,"href":"https:\/\/www.tributetoprince.com\/index.php?rest_route=\/wp\/v2\/users\/1"}],"replies":[{"embeddable":true,"href":"https:\/\/www.tributetoprince.com\/index.php?rest_route=%2Fwp%2Fv2%2Fcomments&post=224"}],"version-history":[{"count":13,"href":"https:\/\/www.tributetoprince.com\/index.php?rest_route=\/wp\/v2\/pages\/224\/revisions"}],"predecessor-version":[{"id":789,"href":"https:\/\/www.tributetoprince.com\/index.php?rest_route=\/wp\/v2\/pages\/224\/revisions\/789"}],"wp:featuredmedia":[{"embeddable":true,"href":"https:\/\/www.tributetoprince.com\/index.php?rest_route=\/wp\/v2\/media\/487"}],"wp:attachment":[{"href":"https:\/\/www.tributetoprince.com\/index.php?rest_route=%2Fwp%2Fv2%2Fmedia&parent=224"}],"curies":[{"name":"wp","href":"https:\/\/api.w.org\/{rel}","templated":true}]}}